{"id":263,"date":"2023-07-29T10:17:00","date_gmt":"2023-07-29T08:17:00","guid":{"rendered":"https:\/\/mathieuducrez.com\/?page_id=263"},"modified":"2023-08-02T16:40:30","modified_gmt":"2023-08-02T14:40:30","slug":"auteur","status":"publish","type":"page","link":"https:\/\/mathieuducrez.com\/?page_id=263","title":{"rendered":"Auteur"},"content":{"rendered":"\t\t<div data-elementor-type=\"wp-page\" data-elementor-id=\"263\" class=\"elementor elementor-263\">\n\t\t\t\t<div class=\"elementor-element elementor-element-0a92fee e-flex e-con-boxed e-con e-parent\" data-id=\"0a92fee\" data-element_type=\"container\" data-e-type=\"container\">\n\t\t\t\t\t<div class=\"e-con-inner\">\n\t\t<div class=\"elementor-element elementor-element-da3051d e-con-full e-flex e-con e-child\" data-id=\"da3051d\" data-element_type=\"container\" data-e-type=\"container\">\n\t\t\t\t<div class=\"elementor-element elementor-element-47a686d elementor-widget elementor-widget-heading\" data-id=\"47a686d\" data-element_type=\"widget\" data-e-type=\"widget\" data-widget_type=\"heading.default\">\n\t\t\t\t<div class=\"elementor-widget-container\">\n\t\t\t\t\t<h2 class=\"elementor-heading-title elementor-size-default\">Auteur<\/h2>\t\t\t\t<\/div>\n\t\t\t\t<\/div>\n\t\t\t\t<div class=\"elementor-element elementor-element-bc36c5d elementor-widget elementor-widget-text-editor\" data-id=\"bc36c5d\" data-element_type=\"widget\" data-e-type=\"widget\" data-widget_type=\"text-editor.default\">\n\t\t\t\t<div class=\"elementor-widget-container\">\n\t\t\t\t\t\t\t\t\t<p>Sc\u00e9narios de Longs m\u00e9trages en cours de pr\u00e9paration.<\/p><p>-\u00ab\u00a0Le temps des vacances\u00a0\u00bb Moby Dick production.<\/p><p>-\u00ab\u00a0Rabby blues\u00a0\u00bb My Family production <\/p>\t\t\t\t\t\t\t\t<\/div>\n\t\t\t\t<\/div>\n\t\t\t\t<\/div>\n\t\t<div class=\"elementor-element elementor-element-549c51c e-con-full e-flex e-con e-child\" data-id=\"549c51c\" data-element_type=\"container\" data-e-type=\"container\">\n\t\t\t\t<div class=\"elementor-element elementor-element-9f00596 elementor-widget elementor-widget-heading\" data-id=\"9f00596\" data-element_type=\"widget\" data-e-type=\"widget\" data-widget_type=\"heading.default\">\n\t\t\t\t<div class=\"elementor-widget-container\">\n\t\t\t\t\t<h2 class=\"elementor-heading-title elementor-size-default\">\u00c9missions TV et sketchs<\/h2>\t\t\t\t<\/div>\n\t\t\t\t<\/div>\n\t\t\t\t<div class=\"elementor-element elementor-element-3a476dd elementor-widget elementor-widget-text-editor\" data-id=\"3a476dd\" data-element_type=\"widget\" data-e-type=\"widget\" data-widget_type=\"text-editor.default\">\n\t\t\t\t<div class=\"elementor-widget-container\">\n\t\t\t\t\t\t\t\t\t<p>-\u00ab\u00a0C.Q.F.D\u00a0\u00bb (Ce Qu\u2019il Fallait D\u00e9tourner) sketchs pour D8<\/p><p>-\u00ab\u00a0Samantha\u00a0\u00bb, France 2<\/p><p>-\u00ab\u00a0Real TV US\u00a0\u00bb (25 \u00e9missions) TF6, \u00e9criture des plateaux de pr\u00e9sentation de Sandrine Balitran.<\/p><p>-15 \u00ab\u00a0\u00e9mission sp\u00e9ciales\u00a0\u00bb TPS Star, \u00e9criture des plateaux de pr\u00e9sentation de Vincent Mc Doom.<\/p><p>-\u00ab\u00a0Movie star\u00a0\u00bb (20 \u00e9missions) TPS Star, \u00e9criture des plateaux de pr\u00e9sentation d\u2019H\u00e9l\u00e9na Noguera.<\/p><p>-\u00ab\u00a0Movie star\u00a0\u00bb (20 \u00e9missions) TPS Star, \u00e9criture des plateaux de pr\u00e9sentation deThomas Dutronc<\/p><p>-\u00ab\u00a0Au service secret de sa majest\u00e9\u00a0\u00bb TPS star, \u00e9criture des plateaux de pr\u00e9sentation de St\u00e9phane Bern.<\/p><p>-\u00e9criture de la campagne de Pub, \u00ab\u00a0T\u00e9l\u00e9 Z\u00a0\u00bb \u00ab\u00a0Fruitos\u00a0\u00bb \u00ab\u00a0Mc Cain\u00a0\u00bb,\u00a0 M6.<\/p>\t\t\t\t\t\t\t\t<\/div>\n\t\t\t\t<\/div>\n\t\t\t\t<\/div>\n\t\t\t\t\t<\/div>\n\t\t\t\t<\/div>\n\t\t<div class=\"elementor-element elementor-element-528b8a8 e-grid e-con-boxed e-con e-parent\" data-id=\"528b8a8\" data-element_type=\"container\" data-e-type=\"container\">\n\t\t\t\t\t<div class=\"e-con-inner\">\n\t\t\t\t\t<\/div>\n\t\t\t\t<\/div>\n\t\t\t\t<\/div>\n\t\t","protected":false},"excerpt":{"rendered":"<p>Auteur Sc\u00e9narios de Longs m\u00e9trages en cours de pr\u00e9paration. -\u00ab\u00a0Le temps des vacances\u00a0\u00bb Moby Dick production. -\u00ab\u00a0Rabby blues\u00a0\u00bb My Family production \u00c9missions TV et sketchs -\u00ab\u00a0C.Q.F.D\u00a0\u00bb (Ce Qu\u2019il Fallait D\u00e9tourner) sketchs pour D8 -\u00ab\u00a0Samantha\u00a0\u00bb, France 2 -\u00ab\u00a0Real TV US\u00a0\u00bb (25 \u00e9missions) TF6, \u00e9criture des plateaux de pr\u00e9sentation de Sandrine Balitran. -15 \u00ab\u00a0\u00e9mission sp\u00e9ciales\u00a0\u00bb TPS Star, &hellip;<\/p>\n<p class=\"read-more\"> <a class=\"\" href=\"https:\/\/mathieuducrez.com\/?page_id=263\"> <span class=\"screen-reader-text\">Auteur<\/span> Lire la suite\u00a0\u00bb<\/a><\/p>\n","protected":false},"author":1,"featured_media":0,"parent":0,"menu_order":0,"comment_status":"closed","ping_status":"closed","template":"","meta":{"site-sidebar-layout":"no-sidebar","site-content-layout":"page-builder","ast-site-content-layout":"","site-content-style":"default","site-sidebar-style":"default","ast-global-header-display":"","ast-banner-title-visibility":"","ast-main-header-display":"","ast-hfb-above-header-display":"","ast-hfb-below-header-display":"","ast-hfb-mobile-header-display":"","site-post-title":"disabled","ast-breadcrumbs-content":"","ast-featured-img":"disabled","footer-sml-layout":"","theme-transparent-header-meta":"","adv-header-id-meta":"","stick-header-meta":"","header-above-stick-meta":"","header-main-stick-meta":"","header-below-stick-meta":"","astra-migrate-meta-layouts":"","footnotes":""},"class_list":["post-263","page","type-page","status-publish","hentry"],"_links":{"self":[{"href":"https:\/\/mathieuducrez.com\/index.php?rest_route=\/wp\/v2\/pages\/263","targetHints":{"allow":["GET"]}}],"collection":[{"href":"https:\/\/mathieuducrez.com\/index.php?rest_route=\/wp\/v2\/pages"}],"about":[{"href":"https:\/\/mathieuducrez.com\/index.php?rest_route=\/wp\/v2\/types\/page"}],"author":[{"embeddable":true,"href":"https:\/\/mathieuducrez.com\/index.php?rest_route=\/wp\/v2\/users\/1"}],"replies":[{"embeddable":true,"href":"https:\/\/mathieuducrez.com\/index.php?rest_route=%2Fwp%2Fv2%2Fcomments&post=263"}],"version-history":[{"count":10,"href":"https:\/\/mathieuducrez.com\/index.php?rest_route=\/wp\/v2\/pages\/263\/revisions"}],"predecessor-version":[{"id":725,"href":"https:\/\/mathieuducrez.com\/index.php?rest_route=\/wp\/v2\/pages\/263\/revisions\/725"}],"wp:attachment":[{"href":"https:\/\/mathieuducrez.com\/index.php?rest_route=%2Fwp%2Fv2%2Fmedia&parent=263"}],"curies":[{"name":"wp","href":"https:\/\/api.w.org\/{rel}","templated":true}]}}